{"id":85,"date":"2023-01-17T11:17:26","date_gmt":"2023-01-17T10:17:26","guid":{"rendered":"https:\/\/chaletlesmoulins.fr\/?page_id=85"},"modified":"2023-01-17T11:20:07","modified_gmt":"2023-01-17T10:20:07","slug":"description","status":"publish","type":"page","link":"https:\/\/chaletlesmoulins.fr\/index.php\/description\/","title":{"rendered":"Description"},"content":{"rendered":"<div data-colibri-id=\"85-c1\" class=\"style-359 style-local-85-c1 position-relative\">\r\n  <!---->\r\n  <div data-colibri-component=\"section\" data-colibri-id=\"85-c2\" id=\"custom\" class=\"h-section h-section-global-spacing d-flex align-items-lg-center align-items-md-center align-items-center style-360 style-local-85-c2 position-relative\">\r\n    <!---->\r\n    <!---->\r\n    <div class=\"h-section-grid-container h-section-boxed-container\">\r\n      <!---->\r\n      <div data-colibri-id=\"85-c3\" class=\"h-row-container gutters-row-lg-2 gutters-row-md-2 gutters-row-0 gutters-row-v-lg-2 gutters-row-v-md-2 gutters-row-v-2 style-361 style-local-85-c3 position-relative\">\r\n        <!---->\r\n        <div class=\"h-row justify-content-lg-center justify-content-md-center justify-content-center align-items-lg-stretch align-items-md-stretch align-items-stretch gutters-col-lg-2 gutters-col-md-2 gutters-col-0 gutters-col-v-lg-2 gutters-col-v-md-2 gutters-col-v-2\">\r\n          <!---->\r\n          <div class=\"h-column h-column-container d-flex h-col-lg-auto h-col-md-auto h-col-auto style-362-outer style-local-85-c4-outer\">\r\n            <div data-colibri-id=\"85-c4\" class=\"d-flex h-flex-basis h-column__inner h-px-lg-2 h-px-md-2 h-px-2 v-inner-lg-2 v-inner-md-2 v-inner-2 style-362 style-local-85-c4 position-relative\">\r\n              <!---->\r\n              <!---->\r\n              <div class=\"w-100 h-y-container h-column__content h-column__v-align flex-basis-100 align-self-lg-start align-self-md-start align-self-start\">\r\n                <!---->\r\n                <div data-colibri-id=\"85-c5\" class=\"h-text h-text-component style-363 style-local-85-c5 position-relative h-element\">\r\n                  <!---->\r\n                  <!---->\r\n                  <div class=\"\">\r\n                    <p>Chalet sur la commune de Corancy au bord du lac de Panneci\u00e8re, Parc du Morvan<\/p>\r\n                    <p>Havre de paix dans une r\u00e9gion sublime le Chalet &lsquo;Les Moulins&rsquo;, tout en bois de la r\u00e9gion, est situ\u00e9 dans le Parc R\u00e9gional du Morvan au bord du lac de Panneci\u00e8re. Chaleureux et \u00e9l\u00e9gant, ce chalet sur 2 niveaux marie des mat\u00e9riaux naturels.\r\n                      L&rsquo;escalier est en ch\u00eane centenaire. L&rsquo;alliance de ces mat\u00e9riaux a su cr\u00e9er une ambiance cosy, pratique et fonctionnelle.<\/p>\r\n                    <p>Au rez de chauss\u00e9e, une grande pi\u00e8ce principale regroupant d&rsquo;un c\u00f4t\u00e9 le salon, de l&rsquo;autre la cuisine ouverte sur la salle \u00e0 manger avec acc\u00e8s direct sur la terrasse de 38 m\u00b2 avec vue imprenable sur le Lac de Panneci\u00e8re. Une chambre,\r\n                      une salle de bain et un WC suspendu avec lave mains.<\/p>\r\n                    <p>Le salon est \u00e9quip\u00e9 d&rsquo;un home cin\u00e9ma, d&rsquo;un canap\u00e9, de deux fauteuils et de deux poufs. La salle \u00e0 manger peut accueillir 8 convives. La cuisine est \u00e9quip\u00e9e d&rsquo;un r\u00e9frig\u00e9rateur, d&rsquo;une plaque \u00e0 induction, d&rsquo;un four, d&rsquo;un four micro-ondes,\r\n                      d&rsquo;un lave-vaisselle, d&rsquo;un lave-linge, d&rsquo;une cafeti\u00e8re classique, d&rsquo;une cafeti\u00e8re Tassimo, d&rsquo;une bouilloire, d&rsquo;un grille pain et d&rsquo;un service \u00e0 raclette.<\/p>\r\n                    <p>La chambre est \u00e9quip\u00e9e d&rsquo;un lit double de 160*200, de deux tables de nuit, d&rsquo;une commode et d&rsquo;une TV \u00e9cran plat.<\/p>\r\n                    <p>La salle de bain est \u00e9quip\u00e9e d&rsquo;une baignoire, d&rsquo;une douche \u00e0 l&rsquo;italienne, d&rsquo;un meuble vasque, d&rsquo;un s\u00e8che serviettes et d&rsquo;un s\u00e8che cheveux.<\/p>\r\n                    <p>La terrasse de 38 m\u00b2 est \u00e9quip\u00e9e d&rsquo;une cuisine d&rsquo;\u00e9t\u00e9 avec plancha au gaz, un espace d\u00e9jeuner avec mobilier en teck, vue sur le Lac de Panneci\u00e8re.<\/p>\r\n                    <p>L&rsquo;\u00e9tage est desservi par une mezzanine dominant la cuisine et la salle \u00e0 manger, une chambre lit double et une chambre mezzanine.<\/p>\r\n                    <p>La chambre est \u00e9quip\u00e9e d&rsquo;un lit double de 140*190, de deux espaces penderie et d&rsquo;une commode.<\/p>\r\n                    <p>La chambre mezzanine est \u00e9quip\u00e9e de deux lits simples de 80*200, d&rsquo;une table de nuit et d&rsquo;une commode.<\/p>\r\n                    <p>La mezzanine comprend deux lits simples de 90*190 et deux commodes, un espace bureau avec ordinateur, une grande penderie ferm\u00e9e. Mise \u00e0 disposition de jeux et de livres.<\/p>\r\n                    <p>Mise \u00e0 disposition \u00e0 la demande d&rsquo;un lit b\u00e9b\u00e9 \u00e0 barreaux, d&rsquo;une chaise haute et d&rsquo;une table \u00e0 langer.<\/p>\r\n                    <p>Le terrain est compos\u00e9 de plusieurs paliers. Le premier dispose d&rsquo;un parking 2 places et d&rsquo;un r\u00e9servoir \u00e0 vifs pour nos amis les p\u00eacheurs. Le second est un verger. Puis un autre palier dispose d&rsquo;une troisi\u00e8me place de parking. Enfin,\r\n                      sur le dernier palier se situent le chalet et un bassin aliment\u00e9 naturellement pouvant varier de niveau tout au long de l&rsquo;ann\u00e9e. L&rsquo;arri\u00e8re du chalet offre une vue sur la for\u00eat.<\/p>\r\n                    <p>Table de ping-pong mise \u00e0 disposition \u00e0 la belle saison.<\/p>\r\n                    <p>Animaux non admis<\/p>\r\n                    <p>Logement non fumeur (mais grande terrasse couverte avec cendrier)<\/p>\r\n                    <p>Propri\u00e9taires se trouvant \u00e0 proximit\u00e9<\/p>\r\n                    <p>Le lac de Panneci\u00e8re est le plus Grand Lac de Bourgogne, soit une vaste \u00e9tendue bleue de 520 hectares. Il est au c\u0153ur d\u2019un exceptionnel \u00e9crin de verdure pr\u00e9serv\u00e9 dans le Parc Naturel R\u00e9gional du Morvan. C&rsquo;est avant tout un barrage-r\u00e9servoir\r\n                      construit au d\u00e9but du XX\u00e8me si\u00e8cle suite aux inondations de Paris. Il sert \u00e0 r\u00e9guler les eaux de la rivi\u00e8re l&rsquo;Yonne, c&rsquo;est ainsi que son apparence change tout au long de l&rsquo;ann\u00e9e.<\/p>\r\n                    <p>La p\u00eache est l&rsquo;activit\u00e9 principale du lac de Panneci\u00e8re, en effet, Il est le plus grand et le plus poissonneux des lacs du Morvan. On peut \u00e9galement y pratiquer la randonn\u00e9e p\u00e9destre, 1500 Km de sentiers p\u00e9destres balis\u00e9s, la randonn\u00e9e\r\n                      \u00e9questre (un circuit \u00e9questre longe le lac), la randonn\u00e9e VTT, 2476 Km de circuits VTT balis\u00e9s.<\/p>\r\n                    <p>Autres activit\u00e9s autour du lac de Panneci\u00e8re : baignades, p\u00e9dalos, cano\u00eb-kayaks, rafting, quad, escalade<\/p>\r\n                    <p>Nouveaut\u00e9 2014 !!! La plong\u00e9e sous-marine. Les eaux du lac de Panneci\u00e8re sont plongeables jour et nuit. Le site permet surtout de s\u2019entra\u00eener. Bonne visibilit\u00e9 de mars \u00e0 mi juillet, beaux herbiers, ponts en pierre de taille \u00e0 6 et\r\n                      9 m et ruines du village \u00e0 12 m.<\/p>\r\n                    <p>Aux alentours :<\/p>\r\n                    <p>Le chalet &lsquo;Les Moulins&rsquo; est proche de Ch\u00e2teau-Chinon o\u00f9 se trouvent commerces, restaurants, le mus\u00e9e du Septennat, le mus\u00e9e du Costume.<\/p>\r\n                    <p>Non loin, vous trouverez :<\/p>\r\n                    <p>&#8211; D&rsquo;autres grands lacs, les Settons, Chaume\u00e7on o\u00f9 vous pourrez pratiquer toutes activit\u00e9s nautiques et de loisirs<\/p>\r\n                    <p>&#8211; Les Thermes de Saint-Honor\u00e9 les Bains (soins de bien-\u00eatre, esth\u00e9tisme d&rsquo;avril \u00e0 octobre), son casino &lsquo;Le Vegas&rsquo; et sa poterie 100% artisanale &lsquo;L&rsquo;Atelier de Fr\u00e9d\u00e9rique&rsquo;<\/p>\r\n                    <p>&#8211; Le Site de Bibracte \u2013 Le Mont Beuvray et son mus\u00e9e<\/p>\r\n                    <p>&#8211; Le Haut Folin (skis de fond l&rsquo;hiver)<\/p>\r\n                    <p>&#8211; De nombreuses visites de sites \u00e0 proximit\u00e9 tels que V\u00e9zelay (Basilique et restaurant gastronomique), Avallon, Bazoches (Ch\u00e2teau de Vauban), Clamecy, ancienne cit\u00e9 des flotteurs de bois, le Saut du gouloux&#8230;<\/p>\r\n                  <\/div>\r\n                <\/div>\r\n              <\/div>\r\n            <\/div>\r\n          <\/div>\r\n        <\/div>\r\n      <\/div>\r\n    <\/div>\r\n  <\/div>\r\n<\/div>","protected":false},"excerpt":{"rendered":"<p>Chalet sur la commune de Corancy au bord du lac de Panneci\u00e8re, Parc du Morvan Havre de paix dans une r\u00e9gion sublime le Chalet &lsquo;Les Moulins&rsquo;, tout en bois de la r\u00e9gion, est situ\u00e9 dans le Parc R\u00e9gional du Morvan au bord du lac de Panneci\u00e8re. Chaleureux et \u00e9l\u00e9gant, ce chalet sur 2 niveaux marie [&hellip;]<\/p>\n","protected":false},"author":1,"featured_media":0,"parent":0,"menu_order":0,"comment_status":"closed","ping_status":"closed","template":"page-templates\/full-width-page.php","meta":{"footnotes":""},"class_list":["post-85","page","type-page","status-publish","hentry"],"_links":{"self":[{"href":"https:\/\/chaletlesmoulins.fr\/index.php\/wp-json\/wp\/v2\/pages\/85","targetHints":{"allow":["GET"]}}],"collection":[{"href":"https:\/\/chaletlesmoulins.fr\/index.php\/wp-json\/wp\/v2\/pages"}],"about":[{"href":"https:\/\/chaletlesmoulins.fr\/index.php\/wp-json\/wp\/v2\/types\/page"}],"author":[{"embeddable":true,"href":"https:\/\/chaletlesmoulins.fr\/index.php\/wp-json\/wp\/v2\/users\/1"}],"replies":[{"embeddable":true,"href":"https:\/\/chaletlesmoulins.fr\/index.php\/wp-json\/wp\/v2\/comments?post=85"}],"version-history":[{"count":3,"href":"https:\/\/chaletlesmoulins.fr\/index.php\/wp-json\/wp\/v2\/pages\/85\/revisions"}],"predecessor-version":[{"id":94,"href":"https:\/\/chaletlesmoulins.fr\/index.php\/wp-json\/wp\/v2\/pages\/85\/revisions\/94"}],"wp:attachment":[{"href":"https:\/\/chaletlesmoulins.fr\/index.php\/wp-json\/wp\/v2\/media?parent=85"}],"curies":[{"name":"wp","href":"https:\/\/api.w.org\/{rel}","templated":true}]}}